{"id":840,"date":"2025-01-08T10:41:30","date_gmt":"2025-01-08T10:41:30","guid":{"rendered":"https:\/\/startersites.io\/elementor\/smart-home\/?page_id=840"},"modified":"2026-02-24T13:49:07","modified_gmt":"2026-02-24T13:49:07","slug":"about","status":"publish","type":"page","link":"https:\/\/packologysolutions.com\/lt\/about\/","title":{"rendered":"Apie mus"},"content":{"rendered":"<div data-elementor-type=\"wp-page\" data-elementor-id=\"840\" class=\"elementor elementor-840\">\n\t\t\t\t<div class=\"elementor-element elementor-element-0c7ac84 e-flex e-con-boxed e-con e-parent\" data-id=\"0c7ac84\" data-element_type=\"container\" data-e-type=\"container\" data-settings=\"{&quot;background_background&quot;:&quot;classic&quot;}\">\n\t\t\t\t\t<div class=\"e-con-inner\">\n\t\t\t\t\t<\/div>\n\t\t\t\t<\/div>\n\t\t<div class=\"elementor-element elementor-element-04885fe e-flex e-con-boxed e-con e-parent\" data-id=\"04885fe\" data-element_type=\"container\" data-e-type=\"container\">\n\t\t\t\t\t<div class=\"e-con-inner\">\n\t\t<div class=\"elementor-element elementor-element-b17cd97 e-con-full e-flex e-con e-child\" data-id=\"b17cd97\" data-element_type=\"container\" data-e-type=\"container\">\n\t\t\t\t<div class=\"elementor-element elementor-element-4c8d7ad elementor-widget elementor-widget-text-editor\" data-id=\"4c8d7ad\" data-element_type=\"widget\" data-e-type=\"widget\" data-widget_type=\"text-editor.default\">\n\t\t\t\t\t\t\t\t\t<p>Apie mus<\/p>\t\t\t\t\t\t\t\t<\/div>\n\t\t\t\t<div class=\"elementor-element elementor-element-58ae229 elementor-widget elementor-widget-heading\" data-id=\"58ae229\" data-element_type=\"widget\" data-e-type=\"widget\" data-widget_type=\"heading.default\">\n\t\t\t\t\t<h2 class=\"elementor-heading-title elementor-size-default translation-block\">Packology specializuojam\u0117s inovatyviuose pakavimo sprendimuose<\/h2>\t\t\t\t<\/div>\n\t\t\t\t<div class=\"elementor-element elementor-element-3726927 elementor-widget elementor-widget-text-editor\" data-id=\"3726927\" data-element_type=\"widget\" data-e-type=\"widget\" data-widget_type=\"text-editor.default\">\n\t\t\t\t\t\t\t\t\t<section id=\"comp-lhgcufpo1\" class=\"comp-lhgcufpo1 CohWsy wixui-column-strip\"><div class=\"V5AUxf\" data-testid=\"columns\"><div id=\"comp-lhgcufpp\" class=\"comp-lhgcufpp YzqVVZ wixui-column-strip__column\"><div class=\"\" data-mesh-id=\"comp-lhgcufppinlineContent\" data-testid=\"inline-content\"><div data-mesh-id=\"comp-lhgcufppinlineContent-gridContainer\" data-testid=\"mesh-container-content\"><div id=\"comp-lhgcufpp2\" class=\"Z_l5lU ku3DBC zQ9jDz qvSjx3 Vq6kJx comp-lhgcufpp2 wixui-rich-text\" data-testid=\"richTextElement\"><p class=\"font_9 wixui-rich-text__text\"><span class=\"wixui-rich-text__text\"><span class=\"color_15 wixui-rich-text__text\">Esame \u012fsipareigoj\u0119 naudoti auk\u0161tos kokyb\u0117s med\u017eiagas ir atlikti grie\u017etus tyrimus, siekdami u\u017etikrinti, kad m\u016bs\u0173 pakuot\u0117s atitikt\u0173 m\u016bs\u0173 auk\u0161tus kokyb\u0117s standartus. Pasitik\u0117kite \u201ePackology\" \u2013 mes apsaugosime j\u016bs\u0173 produkt\u0173 \u0161vie\u017eum\u0105 ir patrauklum\u0105. Susisiekite su mumis \u0161iandien ir su\u017einokite daugiau apie tai, kaip galime pad\u0117ti j\u016bs\u0173 verslui pasiekti nauj\u0105 lyg\u012f.<\/span><\/span><\/p><\/div><\/div><\/div><\/div><\/div><\/section><section id=\"comp-mc0hpcfb\" class=\"comp-mc0hpcfb CohWsy wixui-column-strip\"><div id=\"bgLayers_comp-mc0hpcfb\" class=\"if7Vw2\" data-hook=\"bgLayers\" data-motion-part=\"BG_LAYER comp-mc0hpcfb\">\u00a0<\/div><\/section>\t\t\t\t\t\t\t\t<\/div>\n\t\t\t\t<\/div>\n\t\t<div class=\"elementor-element elementor-element-7f7e472 e-con-full e-flex e-con e-child\" data-id=\"7f7e472\" data-element_type=\"container\" data-e-type=\"container\">\n\t\t\t\t<div class=\"elementor-element elementor-element-39d417a elementor-widget elementor-widget-image\" data-id=\"39d417a\" data-element_type=\"widget\" data-e-type=\"widget\" data-widget_type=\"image.default\">\n\t\t\t\t\t\t\t\t\t\t\t\t\t\t\t<img fetchpriority=\"high\" decoding=\"async\" width=\"512\" height=\"512\" src=\"https:\/\/packologysolutions.com\/wp-content\/uploads\/2026\/02\/favicon-packology-solutions.png\" class=\"attachment-full size-full wp-image-1010\" alt=\"\" srcset=\"https:\/\/packologysolutions.com\/wp-content\/uploads\/2026\/02\/favicon-packology-solutions.png 512w, https:\/\/packologysolutions.com\/wp-content\/uploads\/2026\/02\/favicon-packology-solutions-300x300.png 300w, https:\/\/packologysolutions.com\/wp-content\/uploads\/2026\/02\/favicon-packology-solutions-150x150.png 150w\" sizes=\"(max-width: 512px) 100vw, 512px\" \/>\t\t\t\t\t\t\t\t\t\t\t\t\t\t\t<\/div>\n\t\t\t\t<\/div>\n\t\t\t\t\t<\/div>\n\t\t\t\t<\/div>\n\t\t<div class=\"elementor-element elementor-element-65e29b80 e-flex e-con-boxed e-con e-parent\" data-id=\"65e29b80\" data-element_type=\"container\" data-e-type=\"container\">\n\t\t\t\t\t<div class=\"e-con-inner\">\n\t\t\t\t<div class=\"elementor-element elementor-element-199c1a3c elementor-widget elementor-widget-image-carousel\" data-id=\"199c1a3c\" data-element_type=\"widget\" data-e-type=\"widget\" data-settings=\"{&quot;slides_to_show&quot;:&quot;5&quot;,&quot;navigation&quot;:&quot;none&quot;,&quot;autoplay_speed&quot;:750,&quot;speed&quot;:1400,&quot;image_spacing_custom&quot;:{&quot;unit&quot;:&quot;px&quot;,&quot;size&quot;:45,&quot;sizes&quot;:[]},&quot;autoplay&quot;:&quot;yes&quot;,&quot;pause_on_hover&quot;:&quot;yes&quot;,&quot;infinite&quot;:&quot;yes&quot;,&quot;image_spacing_custom_tablet&quot;:{&quot;unit&quot;:&quot;px&quot;,&quot;size&quot;:&quot;&quot;,&quot;sizes&quot;:[]},&quot;image_spacing_custom_mobile&quot;:{&quot;unit&quot;:&quot;px&quot;,&quot;size&quot;:&quot;&quot;,&quot;sizes&quot;:[]}}\" data-widget_type=\"image-carousel.default\">\n\t\t\t\t\t\t\t<div class=\"elementor-image-carousel-wrapper swiper\" role=\"region\" aria-roledescription=\"carousel\" aria-label=\"Image Carousel\" dir=\"ltr\">\n\t\t\t<div class=\"elementor-image-carousel swiper-wrapper\" aria-live=\"off\">\n\t\t\t\t\t\t\t\t<div class=\"swiper-slide\" role=\"group\" aria-roledescription=\"slide\" aria-label=\"1 of 9\" data-no-translation-aria-label=\"\"><figure class=\"swiper-slide-inner\"><img decoding=\"async\" class=\"swiper-slide-image\" src=\"https:\/\/packologysolutions.com\/wp-content\/uploads\/2026\/02\/fsc-transparent-logo.png\" alt=\"fsc-transparent-logo\" \/><\/figure><\/div><div class=\"swiper-slide\" role=\"group\" aria-roledescription=\"slide\" aria-label=\"2 of 9\" data-no-translation-aria-label=\"\"><figure class=\"swiper-slide-inner\"><img decoding=\"async\" class=\"swiper-slide-image\" src=\"https:\/\/packologysolutions.com\/wp-content\/uploads\/2026\/02\/ceflex-transparent-logo.png\" alt=\"ceflex-transparent-logo\" \/><\/figure><\/div><div class=\"swiper-slide\" role=\"group\" aria-roledescription=\"slide\" aria-label=\"3 of 9\" data-no-translation-aria-label=\"\"><figure class=\"swiper-slide-inner\"><img decoding=\"async\" class=\"swiper-slide-image\" src=\"https:\/\/packologysolutions.com\/wp-content\/uploads\/2026\/02\/prs-certification-transparent.png\" alt=\"prs-certification-transparent\" \/><\/figure><\/div><div class=\"swiper-slide\" role=\"group\" aria-roledescription=\"slide\" aria-label=\"4 of 9\" data-no-translation-aria-label=\"\"><figure class=\"swiper-slide-inner\"><img decoding=\"async\" class=\"swiper-slide-image\" src=\"https:\/\/packologysolutions.com\/wp-content\/uploads\/2026\/02\/pefc-transparent-certification.png\" alt=\"pefc-transparent-certification\" \/><\/figure><\/div><div class=\"swiper-slide\" role=\"group\" aria-roledescription=\"slide\" aria-label=\"5 of 9\" data-no-translation-aria-label=\"\"><figure class=\"swiper-slide-inner\"><img decoding=\"async\" class=\"swiper-slide-image\" src=\"https:\/\/packologysolutions.com\/wp-content\/uploads\/2026\/02\/iso-transparent-certified.png\" alt=\"iso-transparent-certified\" \/><\/figure><\/div><div class=\"swiper-slide\" role=\"group\" aria-roledescription=\"slide\" aria-label=\"6 of 9\" data-no-translation-aria-label=\"\"><figure class=\"swiper-slide-inner\"><img decoding=\"async\" class=\"swiper-slide-image\" src=\"https:\/\/packologysolutions.com\/wp-content\/uploads\/2026\/02\/gazele-biznesu-transparent.png\" alt=\"gazele-biznesu-transparent\" \/><\/figure><\/div><div class=\"swiper-slide\" role=\"group\" aria-roledescription=\"slide\" aria-label=\"7 of 9\" data-no-translation-aria-label=\"\"><figure class=\"swiper-slide-inner\"><img decoding=\"async\" class=\"swiper-slide-image\" src=\"https:\/\/packologysolutions.com\/wp-content\/uploads\/2026\/02\/ISO-certification-transparent.png\" alt=\"ISO-certification-transparent\" \/><\/figure><\/div><div class=\"swiper-slide\" role=\"group\" aria-roledescription=\"slide\" aria-label=\"8 of 9\" data-no-translation-aria-label=\"\"><figure class=\"swiper-slide-inner\"><img decoding=\"async\" class=\"swiper-slide-image\" src=\"https:\/\/packologysolutions.com\/wp-content\/uploads\/2026\/02\/bsi-9001.png\" alt=\"bsi-9001\" \/><\/figure><\/div><div class=\"swiper-slide\" role=\"group\" aria-roledescription=\"slide\" aria-label=\"9 of 9\" data-no-translation-aria-label=\"\"><figure class=\"swiper-slide-inner\"><img decoding=\"async\" class=\"swiper-slide-image\" src=\"https:\/\/packologysolutions.com\/wp-content\/uploads\/2026\/02\/brgs-transparent.png\" alt=\"brgs-transparent\" \/><\/figure><\/div>\t\t\t<\/div>\n\t\t\t\t\t\t\t\n\t\t\t\t\t\t\t\t\t<\/div>\n\t\t\t\t\t\t<\/div>\n\t\t\t\t\t<\/div>\n\t\t\t\t<\/div>\n\t\t\t\t<\/div>","protected":false},"excerpt":{"rendered":"<p>About Us At Packology, we specialize in innovativepackaging solutions We&#8217;re committed to using high-quality materials and rigorous testing to ensure our packaging meets our standards for excellence. Trust Packology to protect your products&#8217; freshness and appeal. Contact us today to learn more about how we can help take your business to the next level. \u00a0<\/p>","protected":false},"author":1,"featured_media":0,"parent":0,"menu_order":0,"comment_status":"closed","ping_status":"closed","template":"","meta":{"footnotes":""},"class_list":["post-840","page","type-page","status-publish","hentry"],"blocksy_meta":{"has_hero_section":"disabled","vertical_spacing_source":"custom","content_area_spacing":"none","styles_descriptor":{"styles":{"desktop":"","tablet":"","mobile":""},"google_fonts":[],"version":6}},"_links":{"self":[{"href":"https:\/\/packologysolutions.com\/lt\/wp-json\/wp\/v2\/pages\/840","targetHints":{"allow":["GET"]}}],"collection":[{"href":"https:\/\/packologysolutions.com\/lt\/wp-json\/wp\/v2\/pages"}],"about":[{"href":"https:\/\/packologysolutions.com\/lt\/wp-json\/wp\/v2\/types\/page"}],"author":[{"embeddable":true,"href":"https:\/\/packologysolutions.com\/lt\/wp-json\/wp\/v2\/users\/1"}],"replies":[{"embeddable":true,"href":"https:\/\/packologysolutions.com\/lt\/wp-json\/wp\/v2\/comments?post=840"}],"version-history":[{"count":70,"href":"https:\/\/packologysolutions.com\/lt\/wp-json\/wp\/v2\/pages\/840\/revisions"}],"predecessor-version":[{"id":1387,"href":"https:\/\/packologysolutions.com\/lt\/wp-json\/wp\/v2\/pages\/840\/revisions\/1387"}],"wp:attachment":[{"href":"https:\/\/packologysolutions.com\/lt\/wp-json\/wp\/v2\/media?parent=840"}],"curies":[{"name":"wp","href":"https:\/\/api.w.org\/{rel}","templated":true}]}}