{"id":1125,"date":"2026-02-05T13:08:30","date_gmt":"2026-02-05T13:08:30","guid":{"rendered":"https:\/\/gray-dogfish-670139.hostingersite.com\/?page_id=1125"},"modified":"2026-02-24T13:30:22","modified_gmt":"2026-02-24T13:30:22","slug":"labels","status":"publish","type":"page","link":"https:\/\/packologysolutions.com\/lt\/labels\/","title":{"rendered":"Etiket\u0117s"},"content":{"rendered":"<div data-elementor-type=\"wp-page\" data-elementor-id=\"1125\" class=\"elementor elementor-1125\">\n\t\t\t\t<div class=\"elementor-element elementor-element-fab19d0 e-flex e-con-boxed e-con e-parent\" data-id=\"fab19d0\" data-element_type=\"container\" data-e-type=\"container\" data-settings=\"{&quot;background_background&quot;:&quot;classic&quot;}\">\n\t\t\t\t\t<div class=\"e-con-inner\">\n\t\t\t\t\t<\/div>\n\t\t\t\t<\/div>\n\t\t<div class=\"elementor-element elementor-element-e000663 e-flex e-con-boxed e-con e-parent\" data-id=\"e000663\" data-element_type=\"container\" data-e-type=\"container\">\n\t\t\t\t\t<div class=\"e-con-inner\">\n\t\t<div class=\"elementor-element elementor-element-7becf4c e-con-full e-flex e-con e-child\" data-id=\"7becf4c\" data-element_type=\"container\" data-e-type=\"container\">\n\t\t\t\t<div class=\"elementor-element elementor-element-b2fdc1f elementor-widget elementor-widget-text-editor\" data-id=\"b2fdc1f\" data-element_type=\"widget\" data-e-type=\"widget\" data-widget_type=\"text-editor.default\">\n\t\t\t\t\t\t\t\t\t<p>Etiket\u0117s<\/p>\t\t\t\t\t\t\t\t<\/div>\n\t\t\t\t<div class=\"elementor-element elementor-element-e186ca1 elementor-widget elementor-widget-heading\" data-id=\"e186ca1\" data-element_type=\"widget\" data-e-type=\"widget\" data-widget_type=\"heading.default\">\n\t\t\t\t\t<h2 class=\"elementor-heading-title elementor-size-default\">Lipniosios etiket\u0117s<\/h2>\t\t\t\t<\/div>\n\t\t\t\t<div class=\"elementor-element elementor-element-3f9411d elementor-widget elementor-widget-text-editor\" data-id=\"3f9411d\" data-element_type=\"widget\" data-e-type=\"widget\" data-widget_type=\"text-editor.default\">\n\t\t\t\t\t\t\t\t\t<p>Gaminame etike\u010di\u0173 ruo\u0161inius su lipniu pagrindu tiek maisto, tiek pramoniniams produktams. \u0160ie etike\u010di\u0173 ruo\u0161iniai naudojami \u012fvairiems pakavimo tikslams, pavyzd\u017eiui, br\u016bk\u0161niniam kodavimui, produkt\u0173 apra\u0161ymams ir svarstykli\u0173 etiket\u0117ms. Naudojame \u012fvairias med\u017eiagas, \u012fskaitant popierin\u012f lipduk\u0105, PE lipdukus, BOPP lipdukus, PET lipdukus, termo eco, termo top, pergament\u0105 ir dengtos med\u017eiagos lipdukus.<\/p>\t\t\t\t\t\t\t\t<\/div>\n\t\t\t\t<\/div>\n\t\t<div class=\"elementor-element elementor-element-dc17606 e-con-full e-flex e-con e-child\" data-id=\"dc17606\" data-element_type=\"container\" data-e-type=\"container\">\n\t\t\t\t<div class=\"elementor-element elementor-element-73f2c7c elementor-widget elementor-widget-image\" data-id=\"73f2c7c\" data-element_type=\"widget\" data-e-type=\"widget\" data-widget_type=\"image.default\">\n\t\t\t\t\t\t\t\t\t\t\t\t\t\t\t<img fetchpriority=\"high\" decoding=\"async\" width=\"950\" height=\"500\" src=\"https:\/\/packologysolutions.com\/wp-content\/uploads\/2026\/02\/adhesive-labels-transparent-e1770299277118.png\" class=\"attachment-full size-full wp-image-1164\" alt=\"\" srcset=\"https:\/\/packologysolutions.com\/wp-content\/uploads\/2026\/02\/adhesive-labels-transparent-e1770299277118.png 950w, https:\/\/packologysolutions.com\/wp-content\/uploads\/2026\/02\/adhesive-labels-transparent-e1770299277118-300x158.png 300w, https:\/\/packologysolutions.com\/wp-content\/uploads\/2026\/02\/adhesive-labels-transparent-e1770299277118-768x404.png 768w\" sizes=\"(max-width: 950px) 100vw, 950px\" \/>\t\t\t\t\t\t\t\t\t\t\t\t\t\t\t<\/div>\n\t\t\t\t<\/div>\n\t\t\t\t\t<\/div>\n\t\t\t\t<\/div>\n\t\t<div class=\"elementor-element elementor-element-040605e e-grid e-con-boxed e-con e-parent\" data-id=\"040605e\" data-element_type=\"container\" data-e-type=\"container\">\n\t\t\t\t\t<div class=\"e-con-inner\">\n\t\t<div class=\"elementor-element elementor-element-6bd3615 e-con-full ct-hover-box e-flex e-con e-child\" data-id=\"6bd3615\" data-element_type=\"container\" data-e-type=\"container\" data-settings=\"{&quot;background_background&quot;:&quot;classic&quot;}\">\n\t\t\t\t<div class=\"elementor-element elementor-element-119da4d elementor-widget elementor-widget-heading\" data-id=\"119da4d\" data-element_type=\"widget\" data-e-type=\"widget\" data-widget_type=\"heading.default\">\n\t\t\t\t\t<h3 class=\"elementor-heading-title elementor-size-default\">Pergamentas \n<\/h3>\t\t\t\t<\/div>\n\t\t\t\t<div class=\"elementor-element elementor-element-ffb9337 elementor-widget elementor-widget-text-editor\" data-id=\"ffb9337\" data-element_type=\"widget\" data-e-type=\"widget\" data-widget_type=\"text-editor.default\">\n\t\t\t\t\t\t\t\t\t<p class=\"font_0 wixui-rich-text__text\"><span class=\"wixui-rich-text__text\">Specialus ofsetinis popierius, tinkamas ra\u0161aliniams, fleksografiniams, skaitmeniniams ir ofsetiniams spausdintuvams.<br class=\"wixui-rich-text__text\" \/><\/span><\/p>\t\t\t\t\t\t\t\t<\/div>\n\t\t\t\t<\/div>\n\t\t<div class=\"elementor-element elementor-element-cd7979b e-con-full ct-hover-box e-flex e-con e-child\" data-id=\"cd7979b\" data-element_type=\"container\" data-e-type=\"container\" data-settings=\"{&quot;background_background&quot;:&quot;classic&quot;}\">\n\t\t\t\t<div class=\"elementor-element elementor-element-1a57605 elementor-widget elementor-widget-heading\" data-id=\"1a57605\" data-element_type=\"widget\" data-e-type=\"widget\" data-widget_type=\"heading.default\">\n\t\t\t\t\t<h3 class=\"elementor-heading-title elementor-size-default\">Termo Eco\n<\/h3>\t\t\t\t<\/div>\n\t\t\t\t<div class=\"elementor-element elementor-element-dafcabf elementor-widget elementor-widget-text-editor\" data-id=\"dafcabf\" data-element_type=\"widget\" data-e-type=\"widget\" data-widget_type=\"text-editor.default\">\n\t\t\t\t\t\t\t\t\t<p>Popierius, tinkamas tiesioginio terminio perk\u0117limo spausdintuvams arba svarstykl\u0117ms su integruotais spausdintuvais.<\/p><p>The printing on them is done by means of thermal transfer, direct thermal effect.<\/p>\t\t\t\t\t\t\t\t<\/div>\n\t\t\t\t<\/div>\n\t\t<div class=\"elementor-element elementor-element-7dcaa13 e-con-full ct-hover-box e-flex e-con e-child\" data-id=\"7dcaa13\" data-element_type=\"container\" data-e-type=\"container\" data-settings=\"{&quot;background_background&quot;:&quot;classic&quot;}\">\n\t\t\t\t<div class=\"elementor-element elementor-element-ec280a2 elementor-widget elementor-widget-heading\" data-id=\"ec280a2\" data-element_type=\"widget\" data-e-type=\"widget\" data-widget_type=\"heading.default\">\n\t\t\t\t\t<h3 class=\"elementor-heading-title elementor-size-default\">Dengtas popierius<\/h3>\t\t\t\t<\/div>\n\t\t\t\t<div class=\"elementor-element elementor-element-38f0149 elementor-widget elementor-widget-text-editor\" data-id=\"38f0149\" data-element_type=\"widget\" data-e-type=\"widget\" data-widget_type=\"text-editor.default\">\n\t\t\t\t\t\t\t\t\t<p>Coated paper glossy or semi-glossy. Suitable for inkjet, flexographic, digital, offset printing.<\/p>\t\t\t\t\t\t\t\t<\/div>\n\t\t\t\t<\/div>\n\t\t\t\t\t<\/div>\n\t\t\t\t<\/div>\n\t\t<div class=\"elementor-element elementor-element-3891eda e-grid e-con-boxed e-con e-parent\" data-id=\"3891eda\" data-element_type=\"container\" data-e-type=\"container\">\n\t\t\t\t\t<div class=\"e-con-inner\">\n\t\t<div class=\"elementor-element elementor-element-246d0e7 e-con-full e-flex e-con e-child\" data-id=\"246d0e7\" data-element_type=\"container\" data-e-type=\"container\">\n\t\t\t\t<div class=\"elementor-element elementor-element-8e80871 elementor-widget elementor-widget-image\" data-id=\"8e80871\" data-element_type=\"widget\" data-e-type=\"widget\" data-widget_type=\"image.default\">\n\t\t\t\t\t\t\t\t\t\t\t\t\t\t\t<img decoding=\"async\" width=\"950\" height=\"651\" src=\"https:\/\/packologysolutions.com\/wp-content\/uploads\/2026\/02\/printed-labels-transparent-e1770299505152.png\" class=\"attachment-full size-full wp-image-1166\" alt=\"\" srcset=\"https:\/\/packologysolutions.com\/wp-content\/uploads\/2026\/02\/printed-labels-transparent-e1770299505152.png 950w, https:\/\/packologysolutions.com\/wp-content\/uploads\/2026\/02\/printed-labels-transparent-e1770299505152-300x206.png 300w, https:\/\/packologysolutions.com\/wp-content\/uploads\/2026\/02\/printed-labels-transparent-e1770299505152-768x526.png 768w\" sizes=\"(max-width: 950px) 100vw, 950px\" \/>\t\t\t\t\t\t\t\t\t\t\t\t\t\t\t<\/div>\n\t\t\t\t<\/div>\n\t\t<div class=\"elementor-element elementor-element-377b7aa e-con-full e-flex e-con e-child\" data-id=\"377b7aa\" data-element_type=\"container\" data-e-type=\"container\">\n\t\t\t\t<div class=\"elementor-element elementor-element-d195abd elementor-widget elementor-widget-text-editor\" data-id=\"d195abd\" data-element_type=\"widget\" data-e-type=\"widget\" data-widget_type=\"text-editor.default\">\n\t\t\t\t\t\t\t\t\t<p>Etiket\u0117s<\/p>\t\t\t\t\t\t\t\t<\/div>\n\t\t\t\t<div class=\"elementor-element elementor-element-01ab1b4 elementor-widget elementor-widget-heading\" data-id=\"01ab1b4\" data-element_type=\"widget\" data-e-type=\"widget\" data-widget_type=\"heading.default\">\n\t\t\t\t\t<h2 class=\"elementor-heading-title elementor-size-default\">Spausdintos etiket\u0117s<\/h2>\t\t\t\t<\/div>\n\t\t\t\t<div class=\"elementor-element elementor-element-3c8bd1e elementor-widget elementor-widget-text-editor\" data-id=\"3c8bd1e\" data-element_type=\"widget\" data-e-type=\"widget\" data-widget_type=\"text-editor.default\">\n\t\t\t\t\t\t\t\t\t<p>M\u016bs\u0173 moderniausia fleksografin\u0117-ofsetin\u0117 spausdinimo linija leid\u017eia mums tiekti auk\u0161\u010diausios kokyb\u0117s saviklijes etiketes. Si\u016blome plat\u0173 individualizavimo galimybi\u0173 spektr\u0105, kad pagerintume j\u016bs\u0173 produkt\u0105 ar pakuot\u0119.<\/p><p>M\u016bs\u0173 etiket\u0117s yra patvarios, vizualiai patrauklios ir pagamintos i\u0161 auk\u0161\u010diausios kokyb\u0117s med\u017eiag\u0173. Glaud\u017eiai bendradarbiaujame su jumis, kad b\u016bt\u0173 patenkinti j\u016bs\u0173 konkret\u016bs reikalavimai.<\/p><p>Bendradarbiaukite su mumis d\u0117l i\u0161skirtini\u0173 pakuo\u010di\u0173 ir auk\u0161\u010diausios kokyb\u0117s saviklij\u0173 etike\u010di\u0173.<\/p>\t\t\t\t\t\t\t\t<\/div>\n\t\t\t\t<\/div>\n\t\t\t\t\t<\/div>\n\t\t\t\t<\/div>\n\t\t<div class=\"elementor-element elementor-element-52903dc e-flex e-con-boxed e-con e-parent\" data-id=\"52903dc\" data-element_type=\"container\" data-e-type=\"container\">\n\t\t\t\t\t<div class=\"e-con-inner\">\n\t\t\t\t<div class=\"elementor-element elementor-element-ff89d9d elementor-widget elementor-widget-text-editor\" data-id=\"ff89d9d\" data-element_type=\"widget\" data-e-type=\"widget\" data-widget_type=\"text-editor.default\">\n\t\t\t\t\t\t\t\t\t<p>Etiket\u0117s<\/p>\t\t\t\t\t\t\t\t<\/div>\n\t\t\t\t<div class=\"elementor-element elementor-element-aae4cc0 elementor-widget elementor-widget-heading\" data-id=\"aae4cc0\" data-element_type=\"widget\" data-e-type=\"widget\" data-widget_type=\"heading.default\">\n\t\t\t\t\t<h2 class=\"elementor-heading-title elementor-size-default\">Etiket\u0117s be pagrindo<\/h2>\t\t\t\t<\/div>\n\t\t\t\t<div class=\"elementor-element elementor-element-e85f909 elementor-widget elementor-widget-text-editor\" data-id=\"e85f909\" data-element_type=\"widget\" data-e-type=\"widget\" data-widget_type=\"text-editor.default\">\n\t\t\t\t\t\t\t\t\t<p>Etiket\u0117s be pagrindo yra saviklij\u0117s etiket\u0117s be atvart\u0173, pa\u0161alinan\u010dios poreik\u012f naudoti apsaugin\u012f sluoksn\u012f, kad b\u016bt\u0173 i\u0161vengta sulipimo. Jos gaminamos naudojant speciali\u0105 med\u017eiag\u0105, u\u017etepam\u0105 ant spausdinamojo pavir\u0161iaus, kuri neleid\u017eia lipniajam sluoksniui sulipti. \u0160i\u0173 etike\u010di\u0173 ilgis gali b\u016bti neribotas, o skirtingi ilgiai gaminami naudojant t\u0105 pat\u012f ritinio plot\u012f, priklausomai nuo spausdinamos informacijos.<\/p>\t\t\t\t\t\t\t\t<\/div>\n\t\t\t\t\t<\/div>\n\t\t\t\t<\/div>\n\t\t<div class=\"elementor-element elementor-element-c12a87f e-grid e-con-boxed e-con e-parent\" data-id=\"c12a87f\" data-element_type=\"container\" data-e-type=\"container\">\n\t\t\t\t\t<div class=\"e-con-inner\">\n\t\t<div class=\"elementor-element elementor-element-f7746a3 e-con-full e-flex e-con e-child\" data-id=\"f7746a3\" data-element_type=\"container\" data-e-type=\"container\">\n\t\t\t\t<div class=\"elementor-element elementor-element-c872b32 elementor-widget elementor-widget-image\" data-id=\"c872b32\" data-element_type=\"widget\" data-e-type=\"widget\" data-widget_type=\"image.default\">\n\t\t\t\t\t\t\t\t\t\t\t\t\t\t\t<img decoding=\"async\" width=\"950\" height=\"950\" src=\"https:\/\/packologysolutions.com\/wp-content\/uploads\/2026\/02\/linerless-labels-transparent.png\" class=\"attachment-full size-full wp-image-1165\" alt=\"\" srcset=\"https:\/\/packologysolutions.com\/wp-content\/uploads\/2026\/02\/linerless-labels-transparent.png 950w, https:\/\/packologysolutions.com\/wp-content\/uploads\/2026\/02\/linerless-labels-transparent-300x300.png 300w, https:\/\/packologysolutions.com\/wp-content\/uploads\/2026\/02\/linerless-labels-transparent-150x150.png 150w, https:\/\/packologysolutions.com\/wp-content\/uploads\/2026\/02\/linerless-labels-transparent-768x768.png 768w\" sizes=\"(max-width: 950px) 100vw, 950px\" \/>\t\t\t\t\t\t\t\t\t\t\t\t\t\t\t<\/div>\n\t\t\t\t<\/div>\n\t\t<div class=\"elementor-element elementor-element-3e3dd12 e-con-full e-flex e-con e-child\" data-id=\"3e3dd12\" data-element_type=\"container\" data-e-type=\"container\">\n\t\t<div class=\"elementor-element elementor-element-62047a2 e-grid e-con-full e-con e-child\" data-id=\"62047a2\" data-element_type=\"container\" data-e-type=\"container\">\n\t\t<div class=\"elementor-element elementor-element-dcd57cf e-con-full e-flex e-con e-child\" data-id=\"dcd57cf\" data-element_type=\"container\" data-e-type=\"container\">\n\t\t\t\t<div class=\"elementor-element elementor-element-268cb3a elementor-widget elementor-widget-text-editor\" data-id=\"268cb3a\" data-element_type=\"widget\" data-e-type=\"widget\" data-widget_type=\"text-editor.default\">\n\t\t\t\t\t\t\t\t\t<p>01<\/p>\t\t\t\t\t\t\t\t<\/div>\n\t\t\t\t<div class=\"elementor-element elementor-element-edcdd89 elementor-widget elementor-widget-heading\" data-id=\"edcdd89\" data-element_type=\"widget\" data-e-type=\"widget\" data-widget_type=\"heading.default\">\n\t\t\t\t\t<h3 class=\"elementor-heading-title elementor-size-default\">Etike\u010di\u0173 dyd\u017ei\u0173 universalumas<\/h3>\t\t\t\t<\/div>\n\t\t\t\t<div class=\"elementor-element elementor-element-69606ac elementor-widget elementor-widget-text-editor\" data-id=\"69606ac\" data-element_type=\"widget\" data-e-type=\"widget\" data-widget_type=\"text-editor.default\">\n\t\t\t\t\t\t\t\t\t<p>Vienas etike\u010di\u0173 plotis gali apimti \u012fvairius ilgius, suma\u017einant poreik\u012f naudoti keli\u0173 tip\u0173 etiketes.<\/p>\t\t\t\t\t\t\t\t<\/div>\n\t\t\t\t<\/div>\n\t\t<div class=\"elementor-element elementor-element-1e98f2d e-con-full e-flex e-con e-child\" data-id=\"1e98f2d\" data-element_type=\"container\" data-e-type=\"container\">\n\t\t\t\t<div class=\"elementor-element elementor-element-641a04a elementor-widget elementor-widget-text-editor\" data-id=\"641a04a\" data-element_type=\"widget\" data-e-type=\"widget\" data-widget_type=\"text-editor.default\">\n\t\t\t\t\t\t\t\t\t<p>02<\/p>\t\t\t\t\t\t\t\t<\/div>\n\t\t\t\t<div class=\"elementor-element elementor-element-a849c4c elementor-widget elementor-widget-heading\" data-id=\"a849c4c\" data-element_type=\"widget\" data-e-type=\"widget\" data-widget_type=\"heading.default\">\n\t\t\t\t\t<h3 class=\"elementor-heading-title elementor-size-default\">Reduced machine changes<\/h3>\t\t\t\t<\/div>\n\t\t\t\t<div class=\"elementor-element elementor-element-f72ccb3 elementor-widget elementor-widget-text-editor\" data-id=\"f72ccb3\" data-element_type=\"widget\" data-e-type=\"widget\" data-widget_type=\"text-editor.default\">\n\t\t\t\t\t\t\t\t\t<p>Less frequent need to change label rolls.<\/p>\t\t\t\t\t\t\t\t<\/div>\n\t\t\t\t<\/div>\n\t\t<div class=\"elementor-element elementor-element-baf258e e-con-full e-flex e-con e-child\" data-id=\"baf258e\" data-element_type=\"container\" data-e-type=\"container\">\n\t\t\t\t<div class=\"elementor-element elementor-element-79ccbc9 elementor-widget elementor-widget-text-editor\" data-id=\"79ccbc9\" data-element_type=\"widget\" data-e-type=\"widget\" data-widget_type=\"text-editor.default\">\n\t\t\t\t\t\t\t\t\t<p>03<\/p>\t\t\t\t\t\t\t\t<\/div>\n\t\t\t\t<div class=\"elementor-element elementor-element-23751d2 elementor-widget elementor-widget-heading\" data-id=\"23751d2\" data-element_type=\"widget\" data-e-type=\"widget\" data-widget_type=\"heading.default\">\n\t\t\t\t\t<h3 class=\"elementor-heading-title elementor-size-default\">Padidinta spausdinama sritis<\/h3>\t\t\t\t<\/div>\n\t\t\t\t<div class=\"elementor-element elementor-element-6d5477c elementor-widget elementor-widget-text-editor\" data-id=\"6d5477c\" data-element_type=\"widget\" data-e-type=\"widget\" data-widget_type=\"text-editor.default\">\n\t\t\t\t\t\t\t\t\t<p>Linerless labels can roll up to twice the printable area.<\/p>\t\t\t\t\t\t\t\t<\/div>\n\t\t\t\t<\/div>\n\t\t<div class=\"elementor-element elementor-element-61d7827 e-con-full e-flex e-con e-child\" data-id=\"61d7827\" data-element_type=\"container\" data-e-type=\"container\">\n\t\t\t\t<div class=\"elementor-element elementor-element-ae8d17e elementor-widget elementor-widget-text-editor\" data-id=\"ae8d17e\" data-element_type=\"widget\" data-e-type=\"widget\" data-widget_type=\"text-editor.default\">\n\t\t\t\t\t\t\t\t\t<p>04<\/p>\t\t\t\t\t\t\t\t<\/div>\n\t\t\t\t<div class=\"elementor-element elementor-element-3becd1d elementor-widget elementor-widget-heading\" data-id=\"3becd1d\" data-element_type=\"widget\" data-e-type=\"widget\" data-widget_type=\"heading.default\">\n\t\t\t\t\t<h3 class=\"elementor-heading-title elementor-size-default\">Minimalios atliekos<\/h3>\t\t\t\t<\/div>\n\t\t\t\t<div class=\"elementor-element elementor-element-bcae749 elementor-widget elementor-widget-text-editor\" data-id=\"bcae749\" data-element_type=\"widget\" data-e-type=\"widget\" data-widget_type=\"text-editor.default\">\n\t\t\t\t\t\t\t\t\t<p>Joki\u0173 liekan\u0173 po etike\u010di\u0173 naudojimo.<\/p>\t\t\t\t\t\t\t\t<\/div>\n\t\t\t\t<\/div>\n\t\t<div class=\"elementor-element elementor-element-814fe80 e-con-full e-flex e-con e-child\" data-id=\"814fe80\" data-element_type=\"container\" data-e-type=\"container\">\n\t\t\t\t<div class=\"elementor-element elementor-element-28a7d72 elementor-widget elementor-widget-text-editor\" data-id=\"28a7d72\" data-element_type=\"widget\" data-e-type=\"widget\" data-widget_type=\"text-editor.default\">\n\t\t\t\t\t\t\t\t\t<p>05<\/p>\t\t\t\t\t\t\t\t<\/div>\n\t\t\t\t<div class=\"elementor-element elementor-element-a2c2bc6 elementor-widget elementor-widget-heading\" data-id=\"a2c2bc6\" data-element_type=\"widget\" data-e-type=\"widget\" data-widget_type=\"heading.default\">\n\t\t\t\t\t<h3 class=\"elementor-heading-title elementor-size-default\">Suma\u017eintos saugojimo i\u0161laidos<\/h3>\t\t\t\t<\/div>\n\t\t\t\t<div class=\"elementor-element elementor-element-faca1f0 elementor-widget elementor-widget-text-editor\" data-id=\"faca1f0\" data-element_type=\"widget\" data-e-type=\"widget\" data-widget_type=\"text-editor.default\">\n\t\t\t\t\t\t\t\t\t<p>Pa\u0161alina poreik\u012f tur\u0117ti sand\u0117l\u012f, piln\u0105 skirting\u0173 dyd\u017ei\u0173 etike\u010di\u0173, optimizuojant etike\u010di\u0173 saugojimo viet\u0105.<\/p>\t\t\t\t\t\t\t\t<\/div>\n\t\t\t\t<\/div>\n\t\t<div class=\"elementor-element elementor-element-03084c5 e-con-full e-flex e-con e-child\" data-id=\"03084c5\" data-element_type=\"container\" data-e-type=\"container\">\n\t\t\t\t<div class=\"elementor-element elementor-element-90c12af elementor-widget elementor-widget-text-editor\" data-id=\"90c12af\" data-element_type=\"widget\" data-e-type=\"widget\" data-widget_type=\"text-editor.default\">\n\t\t\t\t\t\t\t\t\t<p>06<\/p>\t\t\t\t\t\t\t\t<\/div>\n\t\t\t\t<div class=\"elementor-element elementor-element-e82faf8 elementor-widget elementor-widget-heading\" data-id=\"e82faf8\" data-element_type=\"widget\" data-e-type=\"widget\" data-widget_type=\"heading.default\">\n\t\t\t\t\t<h3 class=\"elementor-heading-title elementor-size-default\">Pagerintas darbuotoj\u0173 saugumas<\/h3>\t\t\t\t<\/div>\n\t\t\t\t<div class=\"elementor-element elementor-element-6c587c5 elementor-widget elementor-widget-text-editor\" data-id=\"6c587c5\" data-element_type=\"widget\" data-e-type=\"widget\" data-widget_type=\"text-editor.default\">\n\t\t\t\t\t\t\t\t\t<p>Suma\u017einta operatoriaus traum\u0173 rizika, i\u0161vengiant pasislydimo ir \u012fpjovim\u0173 nuo silikonizuoto popieriaus.<\/p>\t\t\t\t\t\t\t\t<\/div>\n\t\t\t\t<\/div>\n\t\t\t\t<\/div>\n\t\t\t\t<\/div>\n\t\t\t\t\t<\/div>\n\t\t\t\t<\/div>\n\t\t\t\t<\/div>","protected":false},"excerpt":{"rendered":"<p>Labels Adhesive Labels We manufacture label blanks with adhesive backing for both food and industrial products. These label blanks are used for various packaging purposes such as barcoding, product descriptions, and labels for scales. We utilize a range of materials including paper sticker, PE sticker, BOPP sticker, PET sticker, thermo eco, thermo top, vellum, and [&hellip;]<\/p>\n","protected":false},"author":1,"featured_media":0,"parent":0,"menu_order":0,"comment_status":"closed","ping_status":"closed","template":"","meta":{"footnotes":""},"class_list":["post-1125","page","type-page","status-publish","hentry"],"blocksy_meta":{"has_hero_section":"disabled","vertical_spacing_source":"custom","content_area_spacing":"none","styles_descriptor":{"styles":{"desktop":"","tablet":"","mobile":""},"google_fonts":[],"version":6}},"_links":{"self":[{"href":"https:\/\/packologysolutions.com\/lt\/wp-json\/wp\/v2\/pages\/1125","targetHints":{"allow":["GET"]}}],"collection":[{"href":"https:\/\/packologysolutions.com\/lt\/wp-json\/wp\/v2\/pages"}],"about":[{"href":"https:\/\/packologysolutions.com\/lt\/wp-json\/wp\/v2\/types\/page"}],"author":[{"embeddable":true,"href":"https:\/\/packologysolutions.com\/lt\/wp-json\/wp\/v2\/users\/1"}],"replies":[{"embeddable":true,"href":"https:\/\/packologysolutions.com\/lt\/wp-json\/wp\/v2\/comments?post=1125"}],"version-history":[{"count":55,"href":"https:\/\/packologysolutions.com\/lt\/wp-json\/wp\/v2\/pages\/1125\/revisions"}],"predecessor-version":[{"id":1368,"href":"https:\/\/packologysolutions.com\/lt\/wp-json\/wp\/v2\/pages\/1125\/revisions\/1368"}],"wp:attachment":[{"href":"https:\/\/packologysolutions.com\/lt\/wp-json\/wp\/v2\/media?parent=1125"}],"curies":[{"name":"wp","href":"https:\/\/api.w.org\/{rel}","templated":true}]}}